{"id":27398,"date":"2025-06-15T18:29:24","date_gmt":"2025-06-15T18:29:24","guid":{"rendered":"https:\/\/iskeleotolastik.com.tr\/?page_id=27398"},"modified":"2025-06-15T18:31:22","modified_gmt":"2025-06-15T18:31:22","slug":"van-motor-yikama","status":"publish","type":"page","link":"https:\/\/iskeleotolastik.com.tr\/?page_id=27398","title":{"rendered":"Van Motor Y\u0131kama"},"content":{"rendered":"\t\t<div data-elementor-type=\"wp-page\" data-elementor-id=\"27398\" class=\"elementor elementor-27398\">\n\t\t\t\t\t\t<section class=\"wd-negative-gap elementor-section elementor-top-section elementor-element elementor-element-54abbca0 elementor-section-content-middle elementor-section-boxed elementor-section-height-default elementor-section-height-default\" data-id=\"54abbca0\" data-element_type=\"section\">\n\t\t\t\t\t\t<div class=\"elementor-container elementor-column-gap-wide\">\n\t\t\t\t\t<div class=\"elementor-column elementor-col-50 elementor-top-column elementor-element elementor-element-7b3607bd\" data-id=\"7b3607bd\" data-element_type=\"column\">\n\t\t\t<div class=\"elementor-widget-wrap elementor-element-populated\">\n\t\t\t\t\t\t<div class=\"elementor-element elementor-element-294bc50a elementor-widget elementor-widget-image\" data-id=\"294bc50a\" data-element_type=\"widget\" data-widget_type=\"image.default\">\n\t\t\t\t<div class=\"elementor-widget-container\">\n\t\t\t\t\t\t\t\t\t\t\t\t\t\t\t<img decoding=\"async\" src=\"https:\/\/iskeleotolastik.com.tr\/wp-content\/uploads\/elementor\/thumbs\/Adsiz-tasarim-2025-06-15T213022.051-r7cur5svjobbzhcfhwmbdeefaoauafg8icn2qyvtbc.png\" title=\"Ads\u0131z tasar\u0131m &#8211; 2025-06-15T213022.051\" alt=\"Ads\u0131z tasar\u0131m - 2025-06-15T213022.051\" loading=\"lazy\" \/>\t\t\t\t\t\t\t\t\t\t\t\t\t\t\t<\/div>\n\t\t\t\t<\/div>\n\t\t\t\t\t<\/div>\n\t\t<\/div>\n\t\t\t\t<div class=\"elementor-column elementor-col-50 elementor-top-column elementor-element elementor-element-5dcff3d9\" data-id=\"5dcff3d9\" data-element_type=\"column\">\n\t\t\t<div class=\"elementor-widget-wrap elementor-element-populated\">\n\t\t\t\t\t\t<div class=\"elementor-element elementor-element-399753e0 wd-width-100 elementor-widget elementor-widget-wd_title\" data-id=\"399753e0\" data-element_type=\"widget\" data-widget_type=\"wd_title.default\">\n\t\t\t\t<div class=\"elementor-widget-container\">\n\t\t\t\t\t\t\t\t<link rel=\"stylesheet\" id=\"wd-section-title-css\" href=\"https:\/\/iskeleotolastik.com.tr\/wp-content\/themes\/woodmart\/css\/parts\/el-section-title.min.css?ver=7.6.0\" type=\"text\/css\" media=\"all\" \/> \t\t\t\t\t<div class=\"title-wrapper set-mb-s reset-last-child wd-title-color-default wd-title-style-default wd-title-size-default text-left\">\n\n\t\t\t\n\t\t\t<div class=\"liner-continer\">\n\t\t\t\t<h4 class=\"woodmart-title-container title wd-fontsize-l\">Motor Y\u0131kama<\/h4> \n\t\t\t\t\t\t\t<\/div>\n\n\t\t\t\t\t\t\t<div class=\"title-after_title set-cont-mb-s reset-last-child wd-fontsize-xs\">\n\t\t\t\t\t<p>Otomobilin motor k\u0131sm\u0131nda zamanla toz, \u00e7amur, zift, ya\u011f katmanlar\u0131, kire\u00e7, demir tozlar\u0131 ve pas birikir. Otomobilin sa\u011fl\u0131kl\u0131 \u00e7al\u0131\u015fmas\u0131 i\u00e7in en hayati par\u00e7as\u0131 motordur. Bu nedenle\u00a0ara\u00e7\u00a0motorunun\u00a0temizli\u011fi\u00a0\u00f6nemlidir.\u00a0Oto motor temizleme\u00a0i\u015flemleri ile motordaki t\u00fcm aksamlar detayl\u0131 bir \u015fekilde temizlenir.<\/p><p>Araba motoru temizli\u011fi\u00a0bir s\u00fcre sonra arac\u0131n performans\u0131n\u0131 olumsuz etkileyecek toz ve kirlerin temizlenmesi i\u015flemidir. Periyodik olarak\u00a0motor\u00a0temizli\u011fi\u00a0yapt\u0131rmak ilerleyen s\u00fcre\u00e7lerde arac\u0131n motorunda olu\u015fabilecek hasarlar\u0131 \u00f6nceden tespit ederek, gerekli \u00f6nlemlerin al\u0131nmas\u0131 a\u00e7\u0131s\u0131ndan \u00f6nemlidir. Araba motoru temizli\u011fi\u00a0bir s\u00fcre sonra arac\u0131n performans\u0131n\u0131 olumsuz etkileyecek toz ve kirlerin temizlenmesi i\u015flemidir. Periyodik olarak\u00a0motor\u00a0temizli\u011fi\u00a0yapt\u0131rmak ilerleyen s\u00fcre\u00e7lerde arac\u0131n motorunda olu\u015fabilecek hasarlar\u0131 \u00f6nceden tespit ederek, gerekli \u00f6nlemlerin al\u0131nmas\u0131 a\u00e7\u0131s\u0131ndan \u00f6nemlidir.<\/p>\t\t\t\t<\/div>\n\t\t\t\t\t<\/div>\n\t\t\t\t\t\t<\/div>\n\t\t\t\t<\/div>\n\t\t\t\t\t<\/div>\n\t\t<\/div>\n\t\t\t\t\t<\/div>\n\t\t<\/section>\n\t\t\t\t<\/div>\n\t\t","protected":false},"excerpt":{"rendered":"<p>Motor Y\u0131kama Otomobilin motor k\u0131sm\u0131nda zamanla toz, \u00e7amur, zift, ya\u011f katmanlar\u0131, kire\u00e7, demir tozlar\u0131 ve pas birikir. Otomobilin sa\u011fl\u0131kl\u0131 \u00e7al\u0131\u015fmas\u0131<\/p>\n","protected":false},"author":1,"featured_media":0,"parent":0,"menu_order":0,"comment_status":"closed","ping_status":"closed","template":"","meta":{"pagelayer_contact_templates":[],"_pagelayer_content":"","footnotes":""},"class_list":["post-27398","page","type-page","status-publish","hentry"],"_links":{"self":[{"href":"https:\/\/iskeleotolastik.com.tr\/index.php?rest_route=\/wp\/v2\/pages\/27398","targetHints":{"allow":["GET"]}}],"collection":[{"href":"https:\/\/iskeleotolastik.com.tr\/index.php?rest_route=\/wp\/v2\/pages"}],"about":[{"href":"https:\/\/iskeleotolastik.com.tr\/index.php?rest_route=\/wp\/v2\/types\/page"}],"author":[{"embeddable":true,"href":"https:\/\/iskeleotolastik.com.tr\/index.php?rest_route=\/wp\/v2\/users\/1"}],"replies":[{"embeddable":true,"href":"https:\/\/iskeleotolastik.com.tr\/index.php?rest_route=%2Fwp%2Fv2%2Fcomments&post=27398"}],"version-history":[{"count":7,"href":"https:\/\/iskeleotolastik.com.tr\/index.php?rest_route=\/wp\/v2\/pages\/27398\/revisions"}],"predecessor-version":[{"id":27406,"href":"https:\/\/iskeleotolastik.com.tr\/index.php?rest_route=\/wp\/v2\/pages\/27398\/revisions\/27406"}],"wp:attachment":[{"href":"https:\/\/iskeleotolastik.com.tr\/index.php?rest_route=%2Fwp%2Fv2%2Fmedia&parent=27398"}],"curies":[{"name":"wp","href":"https:\/\/api.w.org\/{rel}","templated":true}]}}