{"id":27392,"date":"2025-06-15T18:24:29","date_gmt":"2025-06-15T18:24:29","guid":{"rendered":"https:\/\/iskeleotolastik.com.tr\/?page_id=27392"},"modified":"2025-06-15T18:27:48","modified_gmt":"2025-06-15T18:27:48","slug":"van-oto-yikama","status":"publish","type":"page","link":"https:\/\/iskeleotolastik.com.tr\/?page_id=27392","title":{"rendered":"Van Oto Y\u0131kama"},"content":{"rendered":"\t\t<div data-elementor-type=\"wp-page\" data-elementor-id=\"27392\" class=\"elementor elementor-27392\">\n\t\t\t\t\t\t<section class=\"wd-negative-gap elementor-section elementor-top-section elementor-element elementor-element-22544d3 elementor-section-content-middle elementor-section-boxed elementor-section-height-default elementor-section-height-default\" data-id=\"22544d3\" data-element_type=\"section\">\n\t\t\t\t\t\t<div class=\"elementor-container elementor-column-gap-wide\">\n\t\t\t\t\t<div class=\"elementor-column elementor-col-50 elementor-top-column elementor-element elementor-element-285b1293\" data-id=\"285b1293\" data-element_type=\"column\">\n\t\t\t<div class=\"elementor-widget-wrap elementor-element-populated\">\n\t\t\t\t\t\t<div class=\"elementor-element elementor-element-1530701f elementor-widget elementor-widget-image\" data-id=\"1530701f\" data-element_type=\"widget\" data-widget_type=\"image.default\">\n\t\t\t\t<div class=\"elementor-widget-container\">\n\t\t\t\t\t\t\t\t\t\t\t\t\t\t\t<img decoding=\"async\" src=\"https:\/\/iskeleotolastik.com.tr\/wp-content\/uploads\/elementor\/thumbs\/Adsiz-tasarim-2025-06-15T212735.773-r7cum0mo5b9ugatej6kt874m9rnj62144w4f7gidd4.png\" title=\"Ads\u0131z tasar\u0131m &#8211; 2025-06-15T212735.773\" alt=\"Ads\u0131z tasar\u0131m - 2025-06-15T212735.773\" loading=\"lazy\" \/>\t\t\t\t\t\t\t\t\t\t\t\t\t\t\t<\/div>\n\t\t\t\t<\/div>\n\t\t\t\t\t<\/div>\n\t\t<\/div>\n\t\t\t\t<div class=\"elementor-column elementor-col-50 elementor-top-column elementor-element elementor-element-2d17f38e\" data-id=\"2d17f38e\" data-element_type=\"column\">\n\t\t\t<div class=\"elementor-widget-wrap elementor-element-populated\">\n\t\t\t\t\t\t<div class=\"elementor-element elementor-element-5ca0beb3 wd-width-100 elementor-widget elementor-widget-wd_title\" data-id=\"5ca0beb3\" data-element_type=\"widget\" data-widget_type=\"wd_title.default\">\n\t\t\t\t<div class=\"elementor-widget-container\">\n\t\t\t\t\t\t\t\t<link rel=\"stylesheet\" id=\"wd-section-title-css\" href=\"https:\/\/iskeleotolastik.com.tr\/wp-content\/themes\/woodmart\/css\/parts\/el-section-title.min.css?ver=7.6.0\" type=\"text\/css\" media=\"all\" \/> \t\t\t\t\t<div class=\"title-wrapper set-mb-s reset-last-child wd-title-color-default wd-title-style-default wd-title-size-default text-left\">\n\n\t\t\t\n\t\t\t<div class=\"liner-continer\">\n\t\t\t\t<h4 class=\"woodmart-title-container title wd-fontsize-l\">Oto Y\u0131kama<\/h4> \n\t\t\t\t\t\t\t<\/div>\n\n\t\t\t\t\t\t\t<div class=\"title-after_title set-cont-mb-s reset-last-child wd-fontsize-xs\">\n\t\t\t\t\t<p>D\u00fczenli oto y\u0131kama sadece estetikle ilgili de\u011fildir; ara\u00e7 bak\u0131m\u0131nda \u00f6nemli bir rol oynar. Birincil avantajlardan biri korumad\u0131r. Kir ve kiri temizlemek, araban\u0131z\u0131n boyas\u0131n\u0131 ve \u015feffaf kaplamas\u0131n\u0131 \u00e7izilmelere ve korozyona kar\u015f\u0131 korumaya yard\u0131mc\u0131 olur. Ayr\u0131ca, d\u00fczenli y\u0131kamalar, \u00f6zellikle k\u0131\u015f aylar\u0131nda ku\u015f pislikleri, a\u011fa\u00e7 re\u00e7inesi ve yol tuzu gibi \u00e7evresel unsurlardan kaynaklanan hasarlar\u0131 \u00f6nler. Temiz bir araba, tekerlek kemerleri gibi alanlarda biriken kal\u0131nt\u0131lar s\u00fcrt\u00fcnmeyi art\u0131r\u0131p yak\u0131t t\u00fcketimini azaltabilece\u011finden, daha iyi yak\u0131t verimlili\u011fi anlam\u0131na gelir.<\/p><p>\u0130ster profesyonel bir kurulum \u00e7al\u0131\u015ft\u0131r\u0131yor olun, ister ev ekipman\u0131n\u0131z\u0131 koruyor olun, uygun bak\u0131m, oto y\u0131kama ara\u00e7lar\u0131n\u0131n \u00f6mr\u00fcn\u00fc ve verimlili\u011fini uzat\u0131r.<\/p><p>Kovalar ve s\u00fcngerler gibi ki\u015fisel ekipmanlar i\u00e7in, kullan\u0131mdan sonra iyice durulamak ve temiz, kuru bir yerde saklamak gibi basit g\u00f6revler yeterlidir. Otomatik sistemler i\u00e7in, \u00fcreticinin bak\u0131m \u00f6nerilerini takip edin. A\u015f\u0131nma ve y\u0131pranma i\u00e7in d\u00fczenli kontroller, filtrelerin temizlenmesi ve kaliteli deterjanlar kullan\u0131lmas\u0131, mekanik bile\u015fenleri hasardan korur.<\/p>\t\t\t\t<\/div>\n\t\t\t\t\t<\/div>\n\t\t\t\t\t\t<\/div>\n\t\t\t\t<\/div>\n\t\t\t\t\t<\/div>\n\t\t<\/div>\n\t\t\t\t\t<\/div>\n\t\t<\/section>\n\t\t\t\t<\/div>\n\t\t","protected":false},"excerpt":{"rendered":"<p>Oto Y\u0131kama D\u00fczenli oto y\u0131kama sadece estetikle ilgili de\u011fildir; ara\u00e7 bak\u0131m\u0131nda \u00f6nemli bir rol oynar. Birincil avantajlardan biri korumad\u0131r. Kir<\/p>\n","protected":false},"author":1,"featured_media":0,"parent":0,"menu_order":0,"comment_status":"closed","ping_status":"closed","template":"","meta":{"pagelayer_contact_templates":[],"_pagelayer_content":"","footnotes":""},"class_list":["post-27392","page","type-page","status-publish","hentry"],"_links":{"self":[{"href":"https:\/\/iskeleotolastik.com.tr\/index.php?rest_route=\/wp\/v2\/pages\/27392","targetHints":{"allow":["GET"]}}],"collection":[{"href":"https:\/\/iskeleotolastik.com.tr\/index.php?rest_route=\/wp\/v2\/pages"}],"about":[{"href":"https:\/\/iskeleotolastik.com.tr\/index.php?rest_route=\/wp\/v2\/types\/page"}],"author":[{"embeddable":true,"href":"https:\/\/iskeleotolastik.com.tr\/index.php?rest_route=\/wp\/v2\/users\/1"}],"replies":[{"embeddable":true,"href":"https:\/\/iskeleotolastik.com.tr\/index.php?rest_route=%2Fwp%2Fv2%2Fcomments&post=27392"}],"version-history":[{"count":4,"href":"https:\/\/iskeleotolastik.com.tr\/index.php?rest_route=\/wp\/v2\/pages\/27392\/revisions"}],"predecessor-version":[{"id":27397,"href":"https:\/\/iskeleotolastik.com.tr\/index.php?rest_route=\/wp\/v2\/pages\/27392\/revisions\/27397"}],"wp:attachment":[{"href":"https:\/\/iskeleotolastik.com.tr\/index.php?rest_route=%2Fwp%2Fv2%2Fmedia&parent=27392"}],"curies":[{"name":"wp","href":"https:\/\/api.w.org\/{rel}","templated":true}]}}