{"id":27386,"date":"2025-06-15T18:20:06","date_gmt":"2025-06-15T18:20:06","guid":{"rendered":"https:\/\/iskeleotolastik.com.tr\/?page_id=27386"},"modified":"2025-06-15T18:23:46","modified_gmt":"2025-06-15T18:23:46","slug":"van-balans-yag-bakim-onarim","status":"publish","type":"page","link":"https:\/\/iskeleotolastik.com.tr\/?page_id=27386","title":{"rendered":"Van Balans Ya\u011f Bak\u0131m-Onar\u0131m"},"content":{"rendered":"\t\t<div data-elementor-type=\"wp-page\" data-elementor-id=\"27386\" class=\"elementor elementor-27386\">\n\t\t\t\t\t\t<section class=\"wd-negative-gap elementor-section elementor-top-section elementor-element elementor-element-9a94455 elementor-section-content-middle elementor-section-boxed elementor-section-height-default elementor-section-height-default\" data-id=\"9a94455\" data-element_type=\"section\">\n\t\t\t\t\t\t<div class=\"elementor-container elementor-column-gap-wide\">\n\t\t\t\t\t<div class=\"elementor-column elementor-col-50 elementor-top-column elementor-element elementor-element-7b99fac5\" data-id=\"7b99fac5\" data-element_type=\"column\">\n\t\t\t<div class=\"elementor-widget-wrap elementor-element-populated\">\n\t\t\t\t\t\t<div class=\"elementor-element elementor-element-4bef3076 elementor-widget elementor-widget-image\" data-id=\"4bef3076\" data-element_type=\"widget\" data-widget_type=\"image.default\">\n\t\t\t\t<div class=\"elementor-widget-container\">\n\t\t\t\t\t\t\t\t\t\t\t\t\t\t\t<img decoding=\"async\" src=\"https:\/\/iskeleotolastik.com.tr\/wp-content\/uploads\/elementor\/thumbs\/Adsiz-tasarim-2025-06-15T212330.886-r7cufmc7mwilfu3wvx17rb8oqd6ls7mvl8agmnztpk.png\" title=\"Ads\u0131z tasar\u0131m &#8211; 2025-06-15T212330.886\" alt=\"Ads\u0131z tasar\u0131m - 2025-06-15T212330.886\" loading=\"lazy\" \/>\t\t\t\t\t\t\t\t\t\t\t\t\t\t\t<\/div>\n\t\t\t\t<\/div>\n\t\t\t\t\t<\/div>\n\t\t<\/div>\n\t\t\t\t<div class=\"elementor-column elementor-col-50 elementor-top-column elementor-element elementor-element-1a91056\" data-id=\"1a91056\" data-element_type=\"column\">\n\t\t\t<div class=\"elementor-widget-wrap elementor-element-populated\">\n\t\t\t\t\t\t<div class=\"elementor-element elementor-element-37de9560 wd-width-100 elementor-widget elementor-widget-wd_title\" data-id=\"37de9560\" data-element_type=\"widget\" data-widget_type=\"wd_title.default\">\n\t\t\t\t<div class=\"elementor-widget-container\">\n\t\t\t\t\t\t\t\t<link rel=\"stylesheet\" id=\"wd-section-title-css\" href=\"https:\/\/iskeleotolastik.com.tr\/wp-content\/themes\/woodmart\/css\/parts\/el-section-title.min.css?ver=7.6.0\" type=\"text\/css\" media=\"all\" \/> \t\t\t\t\t<div class=\"title-wrapper set-mb-s reset-last-child wd-title-color-default wd-title-style-default wd-title-size-default text-left\">\n\n\t\t\t\n\t\t\t<div class=\"liner-continer\">\n\t\t\t\t<h4 class=\"woodmart-title-container title wd-fontsize-l\">Balans Ya\u011f Bak\u0131m-Onar\u0131m<\/h4> \n\t\t\t\t\t\t\t<\/div>\n\n\t\t\t\t\t\t\t<div class=\"title-after_title set-cont-mb-s reset-last-child wd-fontsize-xs\">\n\t\t\t\t\t<p>tekerleklerdeki e\u015fit olmayan a\u011f\u0131rl\u0131k da\u011f\u0131l\u0131m\u0131n\u0131 d\u00fczeltir. Dengelenmemi\u015f tekerlekler titre\u015fime, a\u015f\u0131r\u0131 lastik a\u015f\u0131nmas\u0131na, s\u00fcspansiyon hasar\u0131na ve di\u011fer sorunlara neden olabilir.<\/p><p>Lastik balans servisi s\u0131ras\u0131nda, e\u011fitimli bir teknisyen jant ve lastik tertibat\u0131n\u0131z\u0131 bir lastik balans makinesine monte eder. Makine, dengesizlik miktar\u0131n\u0131 belirlemek i\u00e7in jant ve lastik tertibat\u0131n\u0131 d\u00f6nd\u00fcr\u00fcr. Teknisyen bu bilgiyi kullanarak jant ve lasti\u011fi d\u00fczg\u00fcn bir \u015fekilde dengelemek i\u00e7in do\u011fru jant a\u011f\u0131rl\u0131klar\u0131n\u0131 takabilir.\u00c7o\u011fu zaman,\u00a0tekerlek balans ayar\u0131 ve hizalama\u00a0ayn\u0131 ziyarette yap\u0131l\u0131r, ancak ayn\u0131 hizmet de\u011fildir. Hizalama, arac\u0131n\u0131z\u0131n direksiyon ve s\u00fcspansiyon a\u00e7\u0131lar\u0131n\u0131 ayarlamay\u0131 ifade eder; lastiklerin veya tekerleklerin dengelenmesini i\u00e7ermez.<\/p>\t\t\t\t<\/div>\n\t\t\t\t\t<\/div>\n\t\t\t\t\t\t<\/div>\n\t\t\t\t<\/div>\n\t\t\t\t\t<\/div>\n\t\t<\/div>\n\t\t\t\t\t<\/div>\n\t\t<\/section>\n\t\t\t\t<\/div>\n\t\t","protected":false},"excerpt":{"rendered":"<p>Balans Ya\u011f Bak\u0131m-Onar\u0131m tekerleklerdeki e\u015fit olmayan a\u011f\u0131rl\u0131k da\u011f\u0131l\u0131m\u0131n\u0131 d\u00fczeltir. Dengelenmemi\u015f tekerlekler titre\u015fime, a\u015f\u0131r\u0131 lastik a\u015f\u0131nmas\u0131na, s\u00fcspansiyon hasar\u0131na ve di\u011fer sorunlara<\/p>\n","protected":false},"author":1,"featured_media":0,"parent":0,"menu_order":0,"comment_status":"closed","ping_status":"closed","template":"","meta":{"pagelayer_contact_templates":[],"_pagelayer_content":"","footnotes":""},"class_list":["post-27386","page","type-page","status-publish","hentry"],"_links":{"self":[{"href":"https:\/\/iskeleotolastik.com.tr\/index.php?rest_route=\/wp\/v2\/pages\/27386","targetHints":{"allow":["GET"]}}],"collection":[{"href":"https:\/\/iskeleotolastik.com.tr\/index.php?rest_route=\/wp\/v2\/pages"}],"about":[{"href":"https:\/\/iskeleotolastik.com.tr\/index.php?rest_route=\/wp\/v2\/types\/page"}],"author":[{"embeddable":true,"href":"https:\/\/iskeleotolastik.com.tr\/index.php?rest_route=\/wp\/v2\/users\/1"}],"replies":[{"embeddable":true,"href":"https:\/\/iskeleotolastik.com.tr\/index.php?rest_route=%2Fwp%2Fv2%2Fcomments&post=27386"}],"version-history":[{"count":4,"href":"https:\/\/iskeleotolastik.com.tr\/index.php?rest_route=\/wp\/v2\/pages\/27386\/revisions"}],"predecessor-version":[{"id":27391,"href":"https:\/\/iskeleotolastik.com.tr\/index.php?rest_route=\/wp\/v2\/pages\/27386\/revisions\/27391"}],"wp:attachment":[{"href":"https:\/\/iskeleotolastik.com.tr\/index.php?rest_route=%2Fwp%2Fv2%2Fmedia&parent=27386"}],"curies":[{"name":"wp","href":"https:\/\/api.w.org\/{rel}","templated":true}]}}