{"id":27378,"date":"2025-06-15T18:14:29","date_gmt":"2025-06-15T18:14:29","guid":{"rendered":"https:\/\/iskeleotolastik.com.tr\/?page_id=27378"},"modified":"2025-06-15T18:19:05","modified_gmt":"2025-06-15T18:19:05","slug":"van-lastik-degisimi","status":"publish","type":"page","link":"https:\/\/iskeleotolastik.com.tr\/?page_id=27378","title":{"rendered":"Van Lastik De\u011fi\u015fimi"},"content":{"rendered":"\t\t<div data-elementor-type=\"wp-page\" data-elementor-id=\"27378\" class=\"elementor elementor-27378\">\n\t\t\t\t\t\t<section class=\"wd-negative-gap elementor-section elementor-top-section elementor-element elementor-element-15d53b3d elementor-section-content-middle elementor-section-boxed elementor-section-height-default elementor-section-height-default\" data-id=\"15d53b3d\" data-element_type=\"section\">\n\t\t\t\t\t\t<div class=\"elementor-container elementor-column-gap-wide\">\n\t\t\t\t\t<div class=\"elementor-column elementor-col-50 elementor-top-column elementor-element elementor-element-2cb289f5\" data-id=\"2cb289f5\" data-element_type=\"column\">\n\t\t\t<div class=\"elementor-widget-wrap elementor-element-populated\">\n\t\t\t\t\t\t<div class=\"elementor-element elementor-element-649b570f elementor-widget elementor-widget-image\" data-id=\"649b570f\" data-element_type=\"widget\" data-widget_type=\"image.default\">\n\t\t\t\t<div class=\"elementor-widget-container\">\n\t\t\t\t\t\t\t\t\t\t\t\t\t\t\t<img decoding=\"async\" src=\"https:\/\/iskeleotolastik.com.tr\/wp-content\/uploads\/elementor\/thumbs\/Adsiz-tasarim-2025-06-15T211804.039-r7cu77o6i909lebjza7cgfm9gamexo9b3m843kgld4.png\" title=\"Ads\u0131z tasar\u0131m &#8211; 2025-06-15T211804.039\" alt=\"Ads\u0131z tasar\u0131m - 2025-06-15T211804.039\" loading=\"lazy\" \/>\t\t\t\t\t\t\t\t\t\t\t\t\t\t\t<\/div>\n\t\t\t\t<\/div>\n\t\t\t\t\t<\/div>\n\t\t<\/div>\n\t\t\t\t<div class=\"elementor-column elementor-col-50 elementor-top-column elementor-element elementor-element-5a77852\" data-id=\"5a77852\" data-element_type=\"column\">\n\t\t\t<div class=\"elementor-widget-wrap elementor-element-populated\">\n\t\t\t\t\t\t<div class=\"elementor-element elementor-element-2a64827c wd-width-100 elementor-widget elementor-widget-wd_title\" data-id=\"2a64827c\" data-element_type=\"widget\" data-widget_type=\"wd_title.default\">\n\t\t\t\t<div class=\"elementor-widget-container\">\n\t\t\t\t\t\t\t\t<link rel=\"stylesheet\" id=\"wd-section-title-css\" href=\"https:\/\/iskeleotolastik.com.tr\/wp-content\/themes\/woodmart\/css\/parts\/el-section-title.min.css?ver=7.6.0\" type=\"text\/css\" media=\"all\" \/> \t\t\t\t\t<div class=\"title-wrapper set-mb-s reset-last-child wd-title-color-default wd-title-style-default wd-title-size-default text-left\">\n\n\t\t\t\n\t\t\t<div class=\"liner-continer\">\n\t\t\t\t<h4 class=\"woodmart-title-container title wd-fontsize-l\">Lastik De\u011fi\u015fimi<\/h4> \n\t\t\t\t\t\t\t<\/div>\n\n\t\t\t\t\t\t\t<div class=\"title-after_title set-cont-mb-s reset-last-child wd-fontsize-xs\">\n\t\t\t\t\t<p>Ara\u00e7 lastikleri, lastik \u00fcreticileri taraf\u0131ndan belirtilen \u00f6mr\u00fc tamamlad\u0131\u011f\u0131nda de\u011fi\u015ftirilmelidir. Genellikle, lastik \u00f6mr\u00fc 4-6 y\u0131l aras\u0131nda de\u011fi\u015fir, ancak bu s\u00fcre lasti\u011fin kullan\u0131m s\u0131kl\u0131\u011f\u0131na, ko\u015fullar\u0131na ve bak\u0131m\u0131na ba\u011fl\u0131 olarak de\u011fi\u015febilir. Lastiklerin \u00f6mr\u00fcn\u00fc uzatmak i\u00e7in, do\u011fru lastik bas\u0131nc\u0131 ve rotasyonu gibi d\u00fczenli bak\u0131m i\u015flemlerini yapmak \u00f6nemlidir.<\/p><p>Sonu\u00e7 olarak, ara\u00e7 lastikleri arac\u0131n performans\u0131 ve g\u00fcvenli\u011fi i\u00e7in hayati bir rol oynar. Do\u011fru lastik se\u00e7imi ve bak\u0131m\u0131, arac\u0131n\u0131z\u0131n yollar \u00fczerinde daha iyi performans g\u00f6stermesini sa\u011flar ve s\u00fcr\u00fc\u015f g\u00fcvenli\u011finizi artt\u0131r\u0131r.<\/p><p>Lastik de\u011fi\u015fimi, arac\u0131n\u0131z\u0131n lastiklerini y\u0131pranm\u0131\u015f, a\u015f\u0131nm\u0131\u015f veya hasarl\u0131 olanlarla de\u011fi\u015ftirmek anlam\u0131na gelir. Bu i\u015flem, arac\u0131n\u0131z\u0131n g\u00fcvenli\u011fi i\u00e7in \u00f6nemlidir, \u00e7\u00fcnk\u00fc y\u0131pranm\u0131\u015f veya hasarl\u0131 lastikler s\u00fcr\u00fc\u015f g\u00fcvenli\u011finizi olumsuz etkileyebilir.<\/p>\t\t\t\t<\/div>\n\t\t\t\t\t<\/div>\n\t\t\t\t\t\t<\/div>\n\t\t\t\t<\/div>\n\t\t\t\t\t<\/div>\n\t\t<\/div>\n\t\t\t\t\t<\/div>\n\t\t<\/section>\n\t\t\t\t<\/div>\n\t\t","protected":false},"excerpt":{"rendered":"<p>Lastik De\u011fi\u015fimi Ara\u00e7 lastikleri, lastik \u00fcreticileri taraf\u0131ndan belirtilen \u00f6mr\u00fc tamamlad\u0131\u011f\u0131nda de\u011fi\u015ftirilmelidir. Genellikle, lastik \u00f6mr\u00fc 4-6 y\u0131l aras\u0131nda de\u011fi\u015fir, ancak bu<\/p>\n","protected":false},"author":1,"featured_media":0,"parent":0,"menu_order":0,"comment_status":"closed","ping_status":"closed","template":"","meta":{"pagelayer_contact_templates":[],"_pagelayer_content":"","footnotes":""},"class_list":["post-27378","page","type-page","status-publish","hentry"],"_links":{"self":[{"href":"https:\/\/iskeleotolastik.com.tr\/index.php?rest_route=\/wp\/v2\/pages\/27378","targetHints":{"allow":["GET"]}}],"collection":[{"href":"https:\/\/iskeleotolastik.com.tr\/index.php?rest_route=\/wp\/v2\/pages"}],"about":[{"href":"https:\/\/iskeleotolastik.com.tr\/index.php?rest_route=\/wp\/v2\/types\/page"}],"author":[{"embeddable":true,"href":"https:\/\/iskeleotolastik.com.tr\/index.php?rest_route=\/wp\/v2\/users\/1"}],"replies":[{"embeddable":true,"href":"https:\/\/iskeleotolastik.com.tr\/index.php?rest_route=%2Fwp%2Fv2%2Fcomments&post=27378"}],"version-history":[{"count":4,"href":"https:\/\/iskeleotolastik.com.tr\/index.php?rest_route=\/wp\/v2\/pages\/27378\/revisions"}],"predecessor-version":[{"id":27385,"href":"https:\/\/iskeleotolastik.com.tr\/index.php?rest_route=\/wp\/v2\/pages\/27378\/revisions\/27385"}],"wp:attachment":[{"href":"https:\/\/iskeleotolastik.com.tr\/index.php?rest_route=%2Fwp%2Fv2%2Fmedia&parent=27378"}],"curies":[{"name":"wp","href":"https:\/\/api.w.org\/{rel}","templated":true}]}}